{"id":441,"date":"2021-06-22T14:26:31","date_gmt":"2021-06-22T13:26:31","guid":{"rendered":"https:\/\/xpett.com\/streetpub\/?page_id=441"},"modified":"2021-09-17T12:20:00","modified_gmt":"2021-09-17T11:20:00","slug":"privacy-policy","status":"publish","type":"page","link":"https:\/\/xpett.com\/streetpub\/privacy-policy\/","title":{"rendered":"Privacy Policy"},"content":{"rendered":"\t\t<div data-elementor-type=\"wp-page\" data-elementor-id=\"441\" class=\"elementor elementor-441\">\n\t\t\t\t\t\t<section class=\"elementor-section elementor-top-section elementor-element elementor-element-732fd012 elementor-section-boxed elementor-section-height-default elementor-section-height-default\" data-id=\"732fd012\" data-element_type=\"section\" data-e-type=\"section\">\n\t\t\t\t\t\t<div class=\"elementor-container elementor-column-gap-default\">\n\t\t\t\t\t<div class=\"elementor-column elementor-col-100 elementor-top-column elementor-element elementor-element-13ecb2c2\" data-id=\"13ecb2c2\" data-element_type=\"column\" data-e-type=\"column\" data-settings=\"{&quot;background_background&quot;:&quot;classic&quot;}\">\n\t\t\t<div class=\"elementor-widget-wrap elementor-element-populated\">\n\t\t\t\t\t\t<div class=\"elementor-element elementor-element-52ce5df elementor-widget__width-inherit elementor-widget elementor-widget-spacer\" data-id=\"52ce5df\" data-element_type=\"widget\" data-e-type=\"widget\" data-widget_type=\"spacer.default\">\n\t\t\t\t<div class=\"elementor-widget-container\">\n\t\t\t\t\t\t\t<div class=\"elementor-spacer\">\n\t\t\t<div class=\"elementor-spacer-inner\"><\/div>\n\t\t<\/div>\n\t\t\t\t\t\t<\/div>\n\t\t\t\t<\/div>\n\t\t\t\t\t<\/div>\n\t\t<\/div>\n\t\t\t\t\t<\/div>\n\t\t<\/section>\n\t\t\t\t<section class=\"elementor-section elementor-top-section elementor-element elementor-element-134c002 elementor-section-boxed elementor-section-height-default elementor-section-height-default\" data-id=\"134c002\" data-element_type=\"section\" data-e-type=\"section\">\n\t\t\t\t\t\t<div class=\"elementor-container elementor-column-gap-default\">\n\t\t\t\t\t<div class=\"elementor-column elementor-col-100 elementor-top-column elementor-element elementor-element-29d8528\" data-id=\"29d8528\" data-element_type=\"column\" data-e-type=\"column\">\n\t\t\t<div class=\"elementor-widget-wrap elementor-element-populated\">\n\t\t\t\t\t\t<div class=\"elementor-element elementor-element-78ede8c elementor-widget elementor-widget-heading\" data-id=\"78ede8c\" data-element_type=\"widget\" data-e-type=\"widget\" data-widget_type=\"heading.default\">\n\t\t\t\t<div class=\"elementor-widget-container\">\n\t\t\t\t\t<h1 class=\"elementor-heading-title elementor-size-default\">Portugu\u00eas<\/h1>\t\t\t\t<\/div>\n\t\t\t\t<\/div>\n\t\t\t\t<div class=\"elementor-element elementor-element-544131d elementor-widget elementor-widget-text-editor\" data-id=\"544131d\" data-element_type=\"widget\" data-e-type=\"widget\" data-widget_type=\"text-editor.default\">\n\t\t\t\t<div class=\"elementor-widget-container\">\n\t\t\t\t\t\t\t\t\t<h2>Pol\u00edtica Privacidade<\/h2><p>A sua privacidade \u00e9 importante para n\u00f3s. \u00c9 pol\u00edtica do Pett StreetPub respeitar a sua privacidade em rela\u00e7\u00e3o a qualquer informa\u00e7\u00e3o sua que possamos coletar no site <a href=\"https:\/\/xpett.com\/streetpub\">Pett StreetPub<\/a>, e outros sites que possu\u00edmos e operamos.<\/p><p>Solicitamos informa\u00e7\u00f5es pessoais apenas quando realmente precisamos delas para lhe fornecer um servi\u00e7o. Fazemo-lo por meios justos e legais, com o seu conhecimento e consentimento. Tamb\u00e9m informamos por que estamos coletando e como ser\u00e1 usado.<\/p><p>Apenas retemos as informa\u00e7\u00f5es coletadas pelo tempo necess\u00e1rio para fornecer o servi\u00e7o solicitado. Quando armazenamos dados, protegemos dentro de meios comercialmente aceit\u00e1veis para evitar perdas e roubos, bem como acesso, divulga\u00e7\u00e3o, c\u00f3pia, uso ou modifica\u00e7\u00e3o n\u00e3o autorizados.<\/p><p>N\u00e3o compartilhamos informa\u00e7\u00f5es de identifica\u00e7\u00e3o pessoal publicamente ou com terceiros, exceto quando exigido por lei.<\/p><p>O nosso site pode ter links para sites externos que n\u00e3o s\u00e3o operados por n\u00f3s. Esteja ciente de que n\u00e3o temos controle sobre o conte\u00fado e pr\u00e1ticas desses sites e n\u00e3o podemos aceitar responsabilidade por suas respectivas pol\u00edticas de privacidade.<\/p><p>Voc\u00ea \u00e9 livre para recusar a nossa solicita\u00e7\u00e3o de informa\u00e7\u00f5es pessoais, entendendo que talvez n\u00e3o possamos fornecer alguns dos servi\u00e7os desejados.<\/p><p>O uso continuado de nosso site ser\u00e1 considerado como aceita\u00e7\u00e3o de nossas pr\u00e1ticas em torno de privacidade e informa\u00e7\u00f5es pessoais. Se voc\u00ea tiver alguma d\u00favida sobre como lidamos com dados do usu\u00e1rio e informa\u00e7\u00f5es pessoais, entre em contacto connosco.<\/p><h2>Pol\u00edtica de Cookies Pett StreetPub<\/h2><h3>O que s\u00e3o cookies?<\/h3><p>Como \u00e9 pr\u00e1tica comum em quase todos os sites profissionais, este site usa cookies, que s\u00e3o pequenos arquivos baixados no seu computador, para melhorar sua experi\u00eancia. Esta p\u00e1gina descreve quais informa\u00e7\u00f5es eles coletam, como as usamos e por que \u00e0s vezes precisamos armazenar esses cookies. Tamb\u00e9m compartilharemos como voc\u00ea pode impedir que esses cookies sejam armazenados, no entanto, isso pode fazer o downgrade ou &#8216;quebrar&#8217; certos elementos da funcionalidade do site.<\/p><h3>Como usamos os cookies?<\/h3><p>Utilizamos cookies por v\u00e1rios motivos, detalhados abaixo. Infelizmente, na maioria dos casos, n\u00e3o existem op\u00e7\u00f5es padr\u00e3o do setor para desativar os cookies sem desativar completamente a funcionalidade e os recursos que eles adicionam a este site. \u00c9 recomend\u00e1vel que voc\u00ea deixe todos os cookies se n\u00e3o tiver certeza se precisa ou n\u00e3o deles, caso sejam usados para fornecer um servi\u00e7o que voc\u00ea usa.<\/p><h3>Desativar cookies<\/h3><p>Voc\u00ea pode impedir a configura\u00e7\u00e3o de cookies ajustando as configura\u00e7\u00f5es do seu navegador (consulte a Ajuda do navegador para saber como fazer isso). Esteja ciente de que a desativa\u00e7\u00e3o de cookies afetar\u00e1 a funcionalidade deste e de muitos outros sites que voc\u00ea visita. A desativa\u00e7\u00e3o de cookies geralmente resultar\u00e1 na desativa\u00e7\u00e3o de determinadas funcionalidades e recursos deste site. Portanto, \u00e9 recomend\u00e1vel que voc\u00ea n\u00e3o desative os cookies.<\/p><h3>Cookies que definimos<\/h3><ul><li>Cookies relacionados \u00e0 conta<p>Se voc\u00ea criar uma conta connosco, usaremos cookies para o gerenciamento do processo de inscri\u00e7\u00e3o e administra\u00e7\u00e3o geral. Esses cookies geralmente ser\u00e3o exclu\u00eddos quando voc\u00ea sair do sistema, por\u00e9m, em alguns casos, eles poder\u00e3o permanecer posteriormente para lembrar as prefer\u00eancias do seu site ao sair.<\/p><\/li><li>Cookies relacionados ao login<p>Utilizamos cookies quando voc\u00ea est\u00e1 logado, para que possamos lembrar dessa a\u00e7\u00e3o. Isso evita que voc\u00ea precise fazer login sempre que visitar uma nova p\u00e1gina. Esses cookies s\u00e3o normalmente removidos ou limpos quando voc\u00ea efetua logout para garantir que voc\u00ea possa acessar apenas a recursos e \u00e1reas restritas ao efetuar login.<\/p><\/li><li>Cookies relacionados a boletins por e-mail<p>Este site oferece servi\u00e7os de assinatura de boletim informativo ou e-mail e os cookies podem ser usados para lembrar se voc\u00ea j\u00e1 est\u00e1 registrado e se deve mostrar determinadas notifica\u00e7\u00f5es v\u00e1lidas apenas para usu\u00e1rios inscritos \/ n\u00e3o inscritos.<\/p><\/li><li>Pedidos processando cookies relacionados<p>Este site oferece facilidades de com\u00e9rcio eletr\u00f4nico ou pagamento e alguns cookies s\u00e3o essenciais para garantir que seu pedido seja lembrado entre as p\u00e1ginas, para que possamos process\u00e1-lo adequadamente.<\/p><\/li><li>Cookies relacionados a pesquisas<p>Periodicamente, oferecemos pesquisas e question\u00e1rios para fornecer informa\u00e7\u00f5es interessantes, ferramentas \u00fateis ou para entender nossa base de usu\u00e1rios com mais precis\u00e3o. Essas pesquisas podem usar cookies para lembrar quem j\u00e1 participou numa pesquisa ou para fornecer resultados precisos ap\u00f3s a altera\u00e7\u00e3o das p\u00e1ginas.<\/p><\/li><li>Cookies relacionados a formul\u00e1rios<p>Quando voc\u00ea envia dados por meio de um formul\u00e1rio como os encontrados nas p\u00e1ginas de contacto ou nos formul\u00e1rios de coment\u00e1rios, os cookies podem ser configurados para lembrar os detalhes do usu\u00e1rio para correspond\u00eancia futura.<\/p><\/li><li>Cookies de prefer\u00eancias do site<p>Para proporcionar uma \u00f3tima experi\u00eancia neste site, fornecemos a funcionalidade para definir suas prefer\u00eancias de como esse site \u00e9 executado quando voc\u00ea o usa. Para lembrar suas prefer\u00eancias, precisamos definir cookies para que essas informa\u00e7\u00f5es possam ser chamadas sempre que voc\u00ea interagir com uma p\u00e1gina for afetada por suas prefer\u00eancias.<\/p><\/li><\/ul><h3>Cookies de Terceiros<\/h3><p>Em alguns casos especiais, tamb\u00e9m usamos cookies fornecidos por terceiros confi\u00e1veis. A se\u00e7\u00e3o a seguir detalha quais cookies de terceiros voc\u00ea pode encontrar atrav\u00e9s deste site.<\/p><ul><li>Este site usa o Google Analytics, que \u00e9 uma das solu\u00e7\u00f5es de an\u00e1lise mais difundidas e confi\u00e1veis da Web, para nos ajudar a entender como voc\u00ea usa o site e como podemos melhorar sua experi\u00eancia. Esses cookies podem rastrear itens como quanto tempo voc\u00ea gasta no site e as p\u00e1ginas visitadas, para que possamos continuar produzindo conte\u00fado atraente.<\/li><\/ul><p>Para mais informa\u00e7\u00f5es sobre cookies do Google Analytics, consulte a p\u00e1gina oficial do Google Analytics.<\/p><ul><li>As an\u00e1lises de terceiros s\u00e3o usadas para rastrear e medir o uso deste site, para que possamos continuar produzindo conte\u00fado atrativo. Esses cookies podem rastrear itens como o tempo que voc\u00ea passa no site ou as p\u00e1ginas visitadas, o que nos ajuda a entender como podemos melhorar o site para voc\u00ea.<\/li><li>Periodicamente, testamos novos recursos e fazemos altera\u00e7\u00f5es subtis na maneira como o site se apresenta. Quando ainda estamos testando novos recursos, esses cookies podem ser usados para garantir que voc\u00ea receba uma experi\u00eancia consistente enquanto estiver no site, enquanto entendemos quais otimiza\u00e7\u00f5es os nossos usu\u00e1rios mais apreciam.<\/li><li>\u00c0 medida que vendemos produtos, \u00e9 importante entendermos as estat\u00edsticas sobre quantos visitantes de nosso site realmente compram e, portanto, esse \u00e9 o tipo de dados que esses cookies rastrear\u00e3o. Isso \u00e9 importante para voc\u00ea, pois significa que podemos fazer previs\u00f5es de neg\u00f3cios com precis\u00e3o que nos permitem analizar nossos custos de publicidade e produtos para garantir o melhor pre\u00e7o poss\u00edvel.<\/li><li>O servi\u00e7o Google AdSense que usamos para veicular publicidade usa um cookie DoubleClick para veicular an\u00fancios mais relevantes em toda a Web e limitar o n\u00famero de vezes que um determinado an\u00fancio \u00e9 exibido para voc\u00ea.<br \/>Para mais informa\u00e7\u00f5es sobre o Google AdSense, consulte as FAQs oficiais sobre privacidade do Google AdSense.<\/li><li>Utilizamos an\u00fancios para compensar os custos de funcionamento deste site e fornecer financiamento para futuros desenvolvimentos. Os cookies de publicidade comportamental usados por este site foram projetados para garantir que voc\u00ea forne\u00e7a os an\u00fancios mais relevantes sempre que poss\u00edvel, rastreando anonimamente seus interesses e apresentando coisas semelhantes que possam ser do seu interesse.<\/li><li>V\u00e1rios parceiros anunciam em nosso nome e os cookies de rastreamento de afiliados simplesmente nos permitem ver se nossos clientes acessaram o site atrav\u00e9s de um dos sites de nossos parceiros, para que possamos credit\u00e1-los adequadamente e, quando aplic\u00e1vel, permitir que nossos parceiros afiliados ofere\u00e7am qualquer promo\u00e7\u00e3o que pode fornec\u00ea-lo para fazer uma compra.<\/li><\/ul><h3>Compromisso do Usu\u00e1rio<\/h3><p>O usu\u00e1rio se compromete a fazer uso adequado dos conte\u00fados e da informa\u00e7\u00e3o que o Pett StreetPub oferece no site e com car\u00e1ter enunciativo, mas n\u00e3o limitativo:<\/p><ul><li>A) N\u00e3o se envolver em atividades que sejam ilegais ou contr\u00e1rias \u00e0 boa f\u00e9 a \u00e0 ordem p\u00fablica;<\/li><li>B) N\u00e3o difundir propaganda ou conte\u00fado de natureza racista, xenof\u00f3bica, ou apostas online (ex.: Betano), jogos de sorte e azar, qualquer tipo de pornografia ilegal, de apologia ao terrorismo ou contra os direitos humanos;<\/li><li>C) N\u00e3o causar danos aos sistemas f\u00edsicos (hardwares) e l\u00f3gicos (softwares) do Pett StreetPub, de seus fornecedores ou terceiros, para introduzir ou disseminar v\u00edrus inform\u00e1ticos ou quaisquer outros sistemas de hardware ou software que sejam capazes de causar danos anteriormente mencionados.<\/li><\/ul><h3>Mais informa\u00e7\u00f5es<\/h3><p>Esperemos que esteja esclarecido e, como mencionado anteriormente, se houver algo que voc\u00ea n\u00e3o tem certeza se precisa ou n\u00e3o, geralmente \u00e9 mais seguro deixar os cookies ativados, caso interaja com um dos recursos que voc\u00ea usa em nosso site.<\/p><p>Esta pol\u00edtica \u00e9 efetiva a partir de <strong>Janeiro<\/strong>\/<strong>2021<\/strong>.<\/p>\t\t\t\t\t\t\t\t<\/div>\n\t\t\t\t<\/div>\n\t\t\t\t<div class=\"elementor-element elementor-element-ee7d4b7 elementor-widget elementor-widget-spacer\" data-id=\"ee7d4b7\" data-element_type=\"widget\" data-e-type=\"widget\" data-widget_type=\"spacer.default\">\n\t\t\t\t<div class=\"elementor-widget-container\">\n\t\t\t\t\t\t\t<div class=\"elementor-spacer\">\n\t\t\t<div class=\"elementor-spacer-inner\"><\/div>\n\t\t<\/div>\n\t\t\t\t\t\t<\/div>\n\t\t\t\t<\/div>\n\t\t\t\t<div class=\"elementor-element elementor-element-a9e9af3 elementor-widget-divider--view-line_icon elementor-view-default elementor-widget-divider--element-align-center elementor-widget elementor-widget-divider\" data-id=\"a9e9af3\" data-element_type=\"widget\" data-e-type=\"widget\" data-widget_type=\"divider.default\">\n\t\t\t\t<div class=\"elementor-widget-container\">\n\t\t\t\t\t\t\t<div class=\"elementor-divider\">\n\t\t\t<span class=\"elementor-divider-separator\">\n\t\t\t\t\t\t\t<div class=\"elementor-icon elementor-divider__element\">\n\t\t\t\t\t<i aria-hidden=\"true\" class=\"fas fa-star\"><\/i><\/div>\n\t\t\t\t\t\t<\/span>\n\t\t<\/div>\n\t\t\t\t\t\t<\/div>\n\t\t\t\t<\/div>\n\t\t\t\t<div class=\"elementor-element elementor-element-af6f45a elementor-widget elementor-widget-heading\" data-id=\"af6f45a\" data-element_type=\"widget\" data-e-type=\"widget\" data-widget_type=\"heading.default\">\n\t\t\t\t<div class=\"elementor-widget-container\">\n\t\t\t\t\t<h1 class=\"elementor-heading-title elementor-size-default\">English<\/h1>\t\t\t\t<\/div>\n\t\t\t\t<\/div>\n\t\t\t\t<div class=\"elementor-element elementor-element-78f8b36 elementor-widget elementor-widget-text-editor\" data-id=\"78f8b36\" data-element_type=\"widget\" data-e-type=\"widget\" data-widget_type=\"text-editor.default\">\n\t\t\t\t<div class=\"elementor-widget-container\">\n\t\t\t\t\t\t\t\t\t<h2>Privacy Policy<\/h2>\n<p>Your privacy is important to us. It is <strong>Pett StreetPub&#8217;s<\/strong> policy to respect your privacy regarding any information we may collect from you across our website,\u00a0<a href=\"https:\/\/xpett.com\/streetpub\">Pett StreetPub<\/a>, and other sites we own and operate.<\/p>\n<p>We only ask for personal information when we truly need it to provide a service to you. We collect it by fair and lawful means, with your knowledge and consent. We also let you know why we\u2019re collecting it and how it will be used.<\/p>\n<p>We only retain collected information for as long as necessary to provide you with your requested service. What data we store, we\u2019ll protect within commercially acceptable means to prevent loss and theft, as well as unauthorised access, disclosure, copying, use or modification.<\/p>\n<p>We don\u2019t share any personally identifying information publicly or with third-parties, except when required to by law.<\/p>\n<p>Our website may link to external sites that are not operated by us. Please be aware that we have no control over the content and practices of these sites, and cannot accept responsibility or liability for their respective privacy policies.<\/p>\n<p>You are free to refuse our request for your personal information, with the understanding that we may be unable to provide you with some of your desired services.<\/p>\n<p>Your continued use of our website will be regarded as acceptance of our practices around privacy and personal information. If you have any questions about how we handle user data and personal information, feel free to contact us.<\/p>\n<h2><strong>Cookie Policy<\/strong> for <strong>Pett StreetPub<\/strong><\/h2>\n<p>This is the Cookie Policy for <strong>Pett StreetPub<\/strong>, accessible from URL<\/p>\n<h3>What Are Cookies<\/h3>\n<p>As is common practice with almost all professional websites this site uses cookies, which are tiny files that are downloaded to your computer, to improve your experience. This page describes what information they gather, how we use it and why we sometimes need to store these cookies. We will also share how you can prevent these cookies from being stored however this may downgrade or &#8216;break&#8217; certain elements of the sites functionality.<\/p>\n<h3>How We Use Cookies<\/h3>\n<p>We use cookies for a variety of reasons detailed below. Unfortunately in most cases there are no industry standard options for disabling cookies without completely disabling the functionality and features they add to this site. It is recommended that you leave on all cookies if you are not sure whether you need them or not in case they are used to provide a service that you use.<\/p>\n<h3>Disabling Cookies<\/h3>\n<p>You can prevent the setting of cookies by adjusting the settings on your browser (see your browser Help for how to do this). Be aware that disabling cookies will affect the functionality of this and many other websites that you visit. Disabling cookies will usually result in also disabling certain functionality and features of the this site. Therefore it is recommended that you do not disable cookies.<\/p>\n<h3>The Cookies We Set<\/h3>\n<ul>\n<li>Account related cookies <br \/>If you create an account with us then we will use cookies for the management of the signup process and general administration. These cookies will usually be deleted when you log out however in some cases they may remain afterwards to remember your site preferences when logged out.<\/li>\n<li>Login related cookies <br \/>We use cookies when you are logged in so that we can remember this fact. This prevents you from having to log in every single time you visit a new page. These cookies are typically removed or cleared when you log out to ensure that you can only access restricted features and areas when logged in.<\/li>\n<li>Email newsletters related cookies <br \/><br \/>This site offers newsletter or email subscription services and cookies may be used to remember if you are already registered and whether to show certain notifications which might only be valid to subscribed\/unsubscribed users.<\/li>\n<li>Orders processing related cookies <br \/>This site offers e-commerce or payment facilities and some cookies are essential to ensure that your order is remembered between pages so that we can process it properly.<\/li>\n<li>Surveys related cookies <br \/>From time to time we offer user surveys and questionnaires to provide you with interesting insights, helpful tools, or to understand our user base more accurately. These surveys may use cookies to remember who has already taken part in a survey or to provide you with accurate results after you change pages.<\/li>\n<li>Forms related cookies <br \/>When you submit data to through a form such as those found on contact pages or comment forms cookies may be set to remember your user details for future correspondence.<\/li>\n<li>Site preferences cookies <br \/>In order to provide you with a great experience on this site we provide the functionality to set your preferences for how this site runs when you use it. In order to remember your preferences we need to set cookies so that this information can be called whenever you interact with a page is affected by your preferences.<\/li>\n<\/ul>\n<h3>Third Party Cookies<\/h3>\n<p>In some special cases we also use cookies provided by trusted third parties. The following section details which third party cookies you might encounter through this site.<\/p>\n<ul>\n<li>This site uses Google Analytics which is one of the most widespread and trusted analytics solution on the web for helping us to understand how you use the site and ways that we can improve your experience. These cookies may track things such as how long you spend on the site and the pages that you visit so we can continue to produce engaging content. For more information on Google Analytics cookies, see the official Google Analytics page.<\/li>\n<li>Third party analytics are used to track and measure usage of this site so that we can continue to produce engaging content. These cookies may track things such as how long you spend on the site or pages you visit which helps us to understand how we can improve the site for you.<\/li>\n<li>From time to time we test new features and make subtle changes to the way that the site is delivered. When we are still testing new features these cookies may be used to ensure that you receive a consistent experience whilst on the site whilst ensuring we understand which optimisations our users appreciate the most.<\/li>\n<li>As we sell products it&#8217;s important for us to understand statistics about how many of the visitors to our site actually make a purchase and as such this is the kind of data that these cookies will track. This is important to you as it means that we can accurately make business predictions that allow us to monitor our advertising and product costs to ensure the best possible price.<\/li>\n<li>The Google AdSense service we use to serve advertising uses a DoubleClick cookie to serve more relevant ads across the web and limit the number of times that a given ad is shown to you. <br \/>For more information on Google AdSense see the official Google AdSense privacy FAQ.<\/li>\n<li>We use adverts to offset the costs of running this site and provide funding for further development. The behavioural advertising cookies used by this site are designed to ensure that we provide you with the most relevant adverts where possible by anonymously tracking your interests and presenting similar things that may be of interest.<\/li>\n<li>Several partners advertise on our behalf and affiliate tracking cookies simply allow us to see if our customers have come to the site through one of our partner sites so that we can credit them appropriately and where applicable allow our affiliate partners to provide any bonus that they may provide you for making a purchase.<\/li>\n<li>We also use social media buttons and\/or plugins on this site that allow you to connect with your social network in various ways. For these to work the following social media sites including; {List the social networks whose features you have integrated with your site?:12}, will set cookies through our site which may be used to enhance your profile on their site or contribute to the data they hold for various purposes outlined in their respective privacy policies.<\/li>\n<\/ul>\n<h2>More Information<\/h2>\n<p>Hopefully that has clarified things for you and as was previously mentioned if there is something that you aren&#8217;t sure whether you need or not it&#8217;s usually safer to leave cookies enabled in case it does interact with one of the features you use on our site.<\/p>\n<p>This policy is effective as of <strong>January\/<\/strong><strong>2021<\/strong>.<\/p>\t\t\t\t\t\t\t\t<\/div>\n\t\t\t\t<\/div>\n\t\t\t\t\t<\/div>\n\t\t<\/div>\n\t\t\t\t\t<\/div>\n\t\t<\/section>\n\t\t\t\t<\/div>\n\t\t","protected":false},"excerpt":{"rendered":"<p>Portugu\u00eas Pol\u00edtica Privacidade A sua privacidade \u00e9 importante para n\u00f3s. \u00c9 pol\u00edtica do Pett StreetPub respeitar a sua privacidade em rela\u00e7\u00e3o a qualquer informa\u00e7\u00e3o sua que possamos coletar no site Pett StreetPub, e outros sites que possu\u00edmos e operamos. Solicitamos informa\u00e7\u00f5es pessoais apenas quando realmente precisamos delas para lhe fornecer um servi\u00e7o. Fazemo-lo por meios [&hellip;]<\/p>\n","protected":false},"author":2,"featured_media":0,"parent":0,"menu_order":0,"comment_status":"closed","ping_status":"closed","template":"elementor_header_footer","meta":{"content-type":"","footnotes":""},"class_list":["post-441","page","type-page","status-publish","hentry"],"blocksy_meta":{"styles_descriptor":{"styles":{"desktop":"","tablet":"","mobile":""},"google_fonts":[],"version":6}},"_links":{"self":[{"href":"https:\/\/xpett.com\/streetpub\/wp-json\/wp\/v2\/pages\/441","targetHints":{"allow":["GET"]}}],"collection":[{"href":"https:\/\/xpett.com\/streetpub\/wp-json\/wp\/v2\/pages"}],"about":[{"href":"https:\/\/xpett.com\/streetpub\/wp-json\/wp\/v2\/types\/page"}],"author":[{"embeddable":true,"href":"https:\/\/xpett.com\/streetpub\/wp-json\/wp\/v2\/users\/2"}],"replies":[{"embeddable":true,"href":"https:\/\/xpett.com\/streetpub\/wp-json\/wp\/v2\/comments?post=441"}],"version-history":[{"count":3,"href":"https:\/\/xpett.com\/streetpub\/wp-json\/wp\/v2\/pages\/441\/revisions"}],"predecessor-version":[{"id":671,"href":"https:\/\/xpett.com\/streetpub\/wp-json\/wp\/v2\/pages\/441\/revisions\/671"}],"wp:attachment":[{"href":"https:\/\/xpett.com\/streetpub\/wp-json\/wp\/v2\/media?parent=441"}],"curies":[{"name":"wp","href":"https:\/\/api.w.org\/{rel}","templated":true}]}}